{"id":1099,"date":"2024-06-04T20:59:57","date_gmt":"2024-06-04T20:59:57","guid":{"rendered":"https:\/\/pedidos.restaurantepetitazca.es\/mi-cuenta\/"},"modified":"2024-06-28T21:29:29","modified_gmt":"2024-06-28T21:29:29","slug":"mi-cuenta","status":"publish","type":"page","link":"https:\/\/pedidos.restaurantepetitazca.es\/en\/mi-cuenta\/","title":{"rendered":"Mi cuenta"},"content":{"rendered":"<div data-elementor-type=\"wp-page\" data-elementor-id=\"1099\" class=\"elementor elementor-1099\" data-elementor-post-type=\"page\">\n\t\t\t\t<div class=\"elementor-element elementor-element-d148005 e-flex e-con-boxed e-con e-parent\" data-id=\"d148005\" data-element_type=\"container\" data-e-type=\"container\" data-settings=\"{&quot;jet_parallax_layout_list&quot;:[]}\">\n\t\t\t\t\t<div class=\"e-con-inner\">\n\t\t\t\t<div class=\"elementor-element elementor-element-8ce125b e-my-account-tabs-vertical elementor-widget elementor-widget-woocommerce-my-account\" data-id=\"8ce125b\" data-element_type=\"widget\" data-e-type=\"widget\" data-widget_type=\"woocommerce-my-account.default\">\n\t\t\t\t<div class=\"elementor-widget-container\">\n\t\t\t\t\t<div class=\"e-my-account-tab e-my-account-tab__\">\t\t\t<div class=\"woocommerce\"><\/div>\t\t<\/div>\n\t\t\t\t\t\t<\/div>\n\t\t\t\t<\/div>\n\t\t\t\t\t<\/div>\n\t\t\t\t<\/div>\n\t\t\t\t<\/div>","protected":false},"excerpt":{"rendered":"<p>Escritorio Pedidos Descargas Direcciones Ajustes Cerrar sesi\u00f3n Hola Andrea Sorre (\u00bfno eres Andrea Sorre? Cerrar sesi\u00f3n) Desde el escritorio de tu cuenta puedes ver tus pedidos recientes, gestionar tus direcciones de env\u00edo y facturaci\u00f3n y editar tu contrase\u00f1a y los detalles de tu cuenta.<\/p>","protected":false},"author":1,"featured_media":0,"parent":0,"menu_order":0,"comment_status":"closed","ping_status":"closed","template":"","meta":{"footnotes":""},"class_list":["post-1099","page","type-page","status-publish","hentry"],"yoast_head":"<!-- This site is optimized with the Yoast SEO plugin v27.4 - https:\/\/yoast.com\/product\/yoast-seo-wordpress\/ -->\n<title>Mi cuenta - Petit Azca<\/title>\n<meta name=\"robots\" content=\"index, follow, max-snippet:-1, max-image-preview:large, max-video-preview:-1\" \/>\n<link rel=\"canonical\" href=\"https:\/\/pedidos.restaurantepetitazca.es\/en\/mi-cuenta\/\" \/>\n<meta property=\"og:locale\" content=\"en_US\" \/>\n<meta property=\"og:type\" content=\"article\" \/>\n<meta property=\"og:title\" content=\"Mi cuenta - Petit Azca\" \/>\n<meta property=\"og:description\" content=\"Escritorio Pedidos Descargas Direcciones Ajustes Cerrar sesi\u00f3n Hola Andrea Sorre (\u00bfno eres Andrea Sorre? Cerrar sesi\u00f3n) Desde el escritorio de tu cuenta puedes ver tus pedidos recientes, gestionar tus direcciones de env\u00edo y facturaci\u00f3n y editar tu contrase\u00f1a y los detalles de tu cuenta.\" \/>\n<meta property=\"og:url\" content=\"https:\/\/pedidos.restaurantepetitazca.es\/en\/mi-cuenta\/\" \/>\n<meta property=\"og:site_name\" content=\"Petit Azca\" \/>\n<meta property=\"article:modified_time\" content=\"2024-06-28T21:29:29+00:00\" \/>\n<meta name=\"twitter:card\" content=\"summary_large_image\" \/>\n<meta name=\"twitter:label1\" content=\"Est. reading time\" \/>\n\t<meta name=\"twitter:data1\" content=\"1 minute\" \/>\n<script type=\"application\/ld+json\" class=\"yoast-schema-graph\">{\"@context\":\"https:\\\/\\\/schema.org\",\"@graph\":[{\"@type\":\"WebPage\",\"@id\":\"https:\\\/\\\/pedidos.restaurantepetitazca.es\\\/mi-cuenta\\\/\",\"url\":\"https:\\\/\\\/pedidos.restaurantepetitazca.es\\\/mi-cuenta\\\/\",\"name\":\"Mi cuenta - Petit Azca\",\"isPartOf\":{\"@id\":\"https:\\\/\\\/pedidos.restaurantepetitazca.es\\\/#website\"},\"datePublished\":\"2024-06-04T20:59:57+00:00\",\"dateModified\":\"2024-06-28T21:29:29+00:00\",\"breadcrumb\":{\"@id\":\"https:\\\/\\\/pedidos.restaurantepetitazca.es\\\/mi-cuenta\\\/#breadcrumb\"},\"inLanguage\":\"en-US\",\"potentialAction\":[{\"@type\":\"ReadAction\",\"target\":[\"https:\\\/\\\/pedidos.restaurantepetitazca.es\\\/mi-cuenta\\\/\"]}]},{\"@type\":\"BreadcrumbList\",\"@id\":\"https:\\\/\\\/pedidos.restaurantepetitazca.es\\\/mi-cuenta\\\/#breadcrumb\",\"itemListElement\":[{\"@type\":\"ListItem\",\"position\":1,\"name\":\"Portada\",\"item\":\"https:\\\/\\\/pedidos.restaurantepetitazca.es\\\/\"},{\"@type\":\"ListItem\",\"position\":2,\"name\":\"Mi cuenta\"}]},{\"@type\":\"WebSite\",\"@id\":\"https:\\\/\\\/pedidos.restaurantepetitazca.es\\\/#website\",\"url\":\"https:\\\/\\\/pedidos.restaurantepetitazca.es\\\/\",\"name\":\"Petit Azca Restaurante\",\"description\":\"Restaurante \",\"publisher\":{\"@id\":\"https:\\\/\\\/pedidos.restaurantepetitazca.es\\\/#organization\"},\"potentialAction\":[{\"@type\":\"SearchAction\",\"target\":{\"@type\":\"EntryPoint\",\"urlTemplate\":\"https:\\\/\\\/pedidos.restaurantepetitazca.es\\\/?s={search_term_string}\"},\"query-input\":{\"@type\":\"PropertyValueSpecification\",\"valueRequired\":true,\"valueName\":\"search_term_string\"}}],\"inLanguage\":\"en-US\"},{\"@type\":\"Organization\",\"@id\":\"https:\\\/\\\/pedidos.restaurantepetitazca.es\\\/#organization\",\"name\":\"Petit Azca Restaurante\",\"url\":\"https:\\\/\\\/pedidos.restaurantepetitazca.es\\\/\",\"logo\":{\"@type\":\"ImageObject\",\"inLanguage\":\"en-US\",\"@id\":\"https:\\\/\\\/pedidos.restaurantepetitazca.es\\\/#\\\/schema\\\/logo\\\/image\\\/\",\"url\":\"https:\\\/\\\/pedidos.restaurantepetitazca.es\\\/wp-content\\\/uploads\\\/2024\\\/04\\\/cropped-Logo.png\",\"contentUrl\":\"https:\\\/\\\/pedidos.restaurantepetitazca.es\\\/wp-content\\\/uploads\\\/2024\\\/04\\\/cropped-Logo.png\",\"width\":1918,\"height\":509,\"caption\":\"Petit Azca Restaurante\"},\"image\":{\"@id\":\"https:\\\/\\\/pedidos.restaurantepetitazca.es\\\/#\\\/schema\\\/logo\\\/image\\\/\"}}]}<\/script>\n<!-- \/ Yoast SEO plugin. -->","yoast_head_json":{"title":"Mi cuenta - Petit Azca","robots":{"index":"index","follow":"follow","max-snippet":"max-snippet:-1","max-image-preview":"max-image-preview:large","max-video-preview":"max-video-preview:-1"},"canonical":"https:\/\/pedidos.restaurantepetitazca.es\/en\/mi-cuenta\/","og_locale":"en_US","og_type":"article","og_title":"Mi cuenta - Petit Azca","og_description":"Escritorio Pedidos Descargas Direcciones Ajustes Cerrar sesi\u00f3n Hola Andrea Sorre (\u00bfno eres Andrea Sorre? Cerrar sesi\u00f3n) Desde el escritorio de tu cuenta puedes ver tus pedidos recientes, gestionar tus direcciones de env\u00edo y facturaci\u00f3n y editar tu contrase\u00f1a y los detalles de tu cuenta.","og_url":"https:\/\/pedidos.restaurantepetitazca.es\/en\/mi-cuenta\/","og_site_name":"Petit Azca","article_modified_time":"2024-06-28T21:29:29+00:00","twitter_card":"summary_large_image","twitter_misc":{"Est. reading time":"1 minute"},"schema":{"@context":"https:\/\/schema.org","@graph":[{"@type":"WebPage","@id":"https:\/\/pedidos.restaurantepetitazca.es\/mi-cuenta\/","url":"https:\/\/pedidos.restaurantepetitazca.es\/mi-cuenta\/","name":"Mi cuenta - Petit Azca","isPartOf":{"@id":"https:\/\/pedidos.restaurantepetitazca.es\/#website"},"datePublished":"2024-06-04T20:59:57+00:00","dateModified":"2024-06-28T21:29:29+00:00","breadcrumb":{"@id":"https:\/\/pedidos.restaurantepetitazca.es\/mi-cuenta\/#breadcrumb"},"inLanguage":"en-US","potentialAction":[{"@type":"ReadAction","target":["https:\/\/pedidos.restaurantepetitazca.es\/mi-cuenta\/"]}]},{"@type":"BreadcrumbList","@id":"https:\/\/pedidos.restaurantepetitazca.es\/mi-cuenta\/#breadcrumb","itemListElement":[{"@type":"ListItem","position":1,"name":"Portada","item":"https:\/\/pedidos.restaurantepetitazca.es\/"},{"@type":"ListItem","position":2,"name":"Mi cuenta"}]},{"@type":"WebSite","@id":"https:\/\/pedidos.restaurantepetitazca.es\/#website","url":"https:\/\/pedidos.restaurantepetitazca.es\/","name":"Petit Azca Restaurante","description":"Restaurante ","publisher":{"@id":"https:\/\/pedidos.restaurantepetitazca.es\/#organization"},"potentialAction":[{"@type":"SearchAction","target":{"@type":"EntryPoint","urlTemplate":"https:\/\/pedidos.restaurantepetitazca.es\/?s={search_term_string}"},"query-input":{"@type":"PropertyValueSpecification","valueRequired":true,"valueName":"search_term_string"}}],"inLanguage":"en-US"},{"@type":"Organization","@id":"https:\/\/pedidos.restaurantepetitazca.es\/#organization","name":"Petit Azca Restaurante","url":"https:\/\/pedidos.restaurantepetitazca.es\/","logo":{"@type":"ImageObject","inLanguage":"en-US","@id":"https:\/\/pedidos.restaurantepetitazca.es\/#\/schema\/logo\/image\/","url":"https:\/\/pedidos.restaurantepetitazca.es\/wp-content\/uploads\/2024\/04\/cropped-Logo.png","contentUrl":"https:\/\/pedidos.restaurantepetitazca.es\/wp-content\/uploads\/2024\/04\/cropped-Logo.png","width":1918,"height":509,"caption":"Petit Azca Restaurante"},"image":{"@id":"https:\/\/pedidos.restaurantepetitazca.es\/#\/schema\/logo\/image\/"}}]}},"_links":{"self":[{"href":"https:\/\/pedidos.restaurantepetitazca.es\/en\/wp-json\/wp\/v2\/pages\/1099","targetHints":{"allow":["GET"]}}],"collection":[{"href":"https:\/\/pedidos.restaurantepetitazca.es\/en\/wp-json\/wp\/v2\/pages"}],"about":[{"href":"https:\/\/pedidos.restaurantepetitazca.es\/en\/wp-json\/wp\/v2\/types\/page"}],"author":[{"embeddable":true,"href":"https:\/\/pedidos.restaurantepetitazca.es\/en\/wp-json\/wp\/v2\/users\/1"}],"replies":[{"embeddable":true,"href":"https:\/\/pedidos.restaurantepetitazca.es\/en\/wp-json\/wp\/v2\/comments?post=1099"}],"version-history":[{"count":3,"href":"https:\/\/pedidos.restaurantepetitazca.es\/en\/wp-json\/wp\/v2\/pages\/1099\/revisions"}],"predecessor-version":[{"id":1405,"href":"https:\/\/pedidos.restaurantepetitazca.es\/en\/wp-json\/wp\/v2\/pages\/1099\/revisions\/1405"}],"wp:attachment":[{"href":"https:\/\/pedidos.restaurantepetitazca.es\/en\/wp-json\/wp\/v2\/media?parent=1099"}],"curies":[{"name":"wp","href":"https:\/\/api.w.org\/{rel}","templated":true}]}}